{"id":25,"date":"2022-11-02T18:47:35","date_gmt":"2022-11-02T18:47:35","guid":{"rendered":"https:\/\/demail.info\/?page_id=25"},"modified":"2022-11-02T18:47:35","modified_gmt":"2022-11-02T18:47:35","slug":"kontakt","status":"publish","type":"page","link":"https:\/\/demail.info\/?page_id=25","title":{"rendered":"Kontakt"},"content":{"rendered":"\n<p><\/p>\n\n\n\n<p>Sie wollen mich erreichen? Wirklich? Sind Sie sich sicher, dass es hierf\u00fcr einen Grund gibt?<\/p>\n\n\n\n<p>Wenn ja, dann freue ich mich \u00fcber Ihre Nachricht:<\/p>\n\n\n\n<p>Peter Demmer<br>Hahnstra\u00dfe 38<br>72461 Albstadt<\/p>\n\n\n\n<p><a href=\"mailto:peter@demail.info\" target=\"_blank\" rel=\"noreferrer noopener\">peter@demail.info<\/a><\/p>\n","protected":false},"excerpt":{"rendered":"<p>Sie wollen mich erreichen? Wirklich? Sind Sie sich sicher, dass es hierf\u00fcr einen Grund gibt? Wenn ja, dann freue ich mich \u00fcber Ihre Nachricht: Peter DemmerHahnstra\u00dfe 3872461 Albstadt peter@demail.info<\/p>\n","protected":false},"author":1,"featured_media":0,"parent":0,"menu_order":0,"comment_status":"closed","ping_status":"closed","template":"","meta":{"footnotes":""},"class_list":["post-25","page","type-page","status-publish","hentry"],"_links":{"self":[{"href":"https:\/\/demail.info\/index.php?rest_route=\/wp\/v2\/pages\/25","targetHints":{"allow":["GET"]}}],"collection":[{"href":"https:\/\/demail.info\/index.php?rest_route=\/wp\/v2\/pages"}],"about":[{"href":"https:\/\/demail.info\/index.php?rest_route=\/wp\/v2\/types\/page"}],"author":[{"embeddable":true,"href":"https:\/\/demail.info\/index.php?rest_route=\/wp\/v2\/users\/1"}],"replies":[{"embeddable":true,"href":"https:\/\/demail.info\/index.php?rest_route=%2Fwp%2Fv2%2Fcomments&post=25"}],"version-history":[{"count":1,"href":"https:\/\/demail.info\/index.php?rest_route=\/wp\/v2\/pages\/25\/revisions"}],"predecessor-version":[{"id":26,"href":"https:\/\/demail.info\/index.php?rest_route=\/wp\/v2\/pages\/25\/revisions\/26"}],"wp:attachment":[{"href":"https:\/\/demail.info\/index.php?rest_route=%2Fwp%2Fv2%2Fmedia&parent=25"}],"curies":[{"name":"wp","href":"https:\/\/api.w.org\/{rel}","templated":true}]}}